{"id":2,"date":"2024-08-28T19:42:18","date_gmt":"2024-08-28T19:42:18","guid":{"rendered":"https:\/\/garzesc.com.mx\/?page_id=2"},"modified":"2025-06-09T16:34:59","modified_gmt":"2025-06-09T16:34:59","slug":"nosotros","status":"publish","type":"page","link":"https:\/\/garzesc.com.mx\/?page_id=2","title":{"rendered":"Nosotros"},"content":{"rendered":"\n<div class=\"wp-block-uagb-container uagb-block-9b268f8d alignfull uagb-is-root-container\">\n<div class=\"wp-block-uagb-separator uagb-block-188dd393\"><div class=\"uagb-separator-spacing-wrapper\"><div class=\"wp-block-uagb-separator__inner\" style=\"--my-background-image:\"><\/div><\/div><\/div>\n\n\n\n<div data-aos= \"fade-up\" data-aos-duration=\"400\" data-aos-delay=\"0\" data-aos-easing=\"ease\" data-aos-once=\"true\" class=\"wp-block-uagb-advanced-heading uagb-block-b8254fea\"><h2 class=\"uagb-heading-text\">Nosotros<\/h2><\/div>\n\n\n\n<div data-aos= \"fade-up\" data-aos-duration=\"400\" data-aos-delay=\"0\" data-aos-easing=\"ease\" data-aos-once=\"true\" class=\"wp-block-uagb-advanced-heading uagb-block-62a5923a\"><h3 class=\"uagb-heading-text\">Lideres de comercializaci\u00f3n de insumos para la industria de papel y corrugado. <\/h3><\/div>\n\n\n\n<div data-aos= \"fade-up\" data-aos-duration=\"400\" data-aos-delay=\"0\" data-aos-easing=\"ease\" data-aos-once=\"true\" class=\"wp-block-uagb-advanced-heading uagb-block-7753454c\"><h3 class=\"uagb-heading-text\">Fabricaci\u00f3n de empaques en general de cart\u00f3n corrugado y fibra solida<\/h3><\/div>\n\n\n\n<div data-aos= \"fade-up\" data-aos-duration=\"400\" data-aos-delay=\"0\" data-aos-easing=\"ease\" data-aos-once=\"true\" class=\"wp-block-uagb-advanced-heading uagb-block-f597f43a\"><h2 class=\"uagb-heading-text\">\u00bfQu\u00e9 hacemos?<\/h2><\/div>\n\n\n\n<div data-aos= \"fade-up\" data-aos-duration=\"400\" data-aos-delay=\"0\" data-aos-easing=\"ease\" data-aos-once=\"true\" class=\"wp-block-uagb-advanced-heading uagb-block-9c880563\"><h3 class=\"uagb-heading-text\">Nos dedicamos a la Producci\u00f3n y conversi\u00f3n del papel a empaques de cart\u00f3n corrugado y fibra de lamina de alta calidad<\/h3><\/div>\n<\/div>\n\n\n\n<div id=\"mision-vision\" class=\"wp-block-uagb-container uagb-block-0d95e4b4 alignfull uagb-is-root-container\">\n<div class=\"wp-block-uagb-separator uagb-block-dd560509\"><div class=\"uagb-separator-spacing-wrapper\"><div class=\"wp-block-uagb-separator__inner\" style=\"--my-background-image:\"><\/div><\/div><\/div>\n\n\n\n<div data-aos= \"fade-up\" data-aos-duration=\"400\" data-aos-delay=\"0\" data-aos-easing=\"ease\" data-aos-once=\"true\" class=\"wp-block-uagb-advanced-heading uagb-block-2dca6ee0\"><h2 class=\"uagb-heading-text\">Misi\u00f3n<\/h2><\/div>\n\n\n\n<div data-aos= \"fade-up\" data-aos-duration=\"400\" data-aos-delay=\"0\" data-aos-easing=\"ease\" data-aos-once=\"true\" class=\"wp-block-uagb-advanced-heading uagb-block-369ff7e4\"><h3 class=\"uagb-heading-text\">&#8220;Somos una empresa de clase mundial dedicada a la producci\u00f3n y distribuci\u00f3n de papel corrugado, cart\u00f3n laminado, rollos de papel, co empaque y servicios financieros y log\u00edsticos; enfocada en satisfacer las necesidades de nuestros clientes a trav\u00e9s de un servicio personalizado. Nuestro compromiso con la calidad se refleja en procesos que cumplen rigurosamente con las normativas nacionales y ambientales del sector.&#8221;<\/h3><\/div>\n\n\n\n<div data-aos= \"fade-up\" data-aos-duration=\"400\" data-aos-delay=\"0\" data-aos-easing=\"ease\" data-aos-once=\"true\" class=\"wp-block-uagb-advanced-heading uagb-block-aa16590d\"><h2 class=\"uagb-heading-text\">Visi\u00f3n<\/h2><\/div>\n\n\n\n<div data-aos= \"fade-up\" data-aos-duration=\"400\" data-aos-delay=\"0\" data-aos-easing=\"ease\" data-aos-once=\"true\" class=\"wp-block-uagb-advanced-heading uagb-block-dd833e4c\"><h3 class=\"uagb-heading-text\">&#8220;En Servicios Corporativos Garze, nos proyectamos como un socio y proveedor estrat\u00e9gico internacional en la producci\u00f3n de papel corrugado nacional y de importaci\u00f3n. Hemos expandido nuestras capacidades, optimizado nuestros procesos y el desarrollo de nuestra empresa. Nuestra visi\u00f3n es abarcar toda la cadena de suministro de papel corrugado en M\u00e9xico y pa\u00edses vecinos, siempre cumpliendo con los est\u00e1ndares ambientales y de calidad aplicables, como una empresa socialmente responsable.&#8221;<\/h3><\/div>\n<\/div>\n\n\n\n<div class=\"wp-block-uagb-container uagb-block-335eff34 alignfull uagb-is-root-container\"><div class=\"uagb-container-inner-blocks-wrap\">\n<div class=\"wp-block-uagb-info-box uagb-block-aaa52ec4 uagb-infobox__content-wrap  uagb-infobox-icon-left uagb-infobox-left uagb-infobox-stacked-tablet uagb-infobox-image-valign-top wp-block-uagb-info-box--has-margin\"><div class=\"uagb-infobox-margin-wrapper\"><div class=\"uagb-ifb-content\"><div class=\"uagb-ifb-title-wrap\"><h3 class=\"uagb-ifb-title\">Pol\u00edtica de Calidad<\/h3><\/div><div class=\"uagb-ifb-separator\"><\/div><p class=\"uagb-ifb-desc\">En Servicios Corporativos Garze, nos comprometemos a ofrecer productos de papel corrugado que cumplen con los m\u00e1s altos est\u00e1ndares de calidad para satisfacer las necesidades de nuestros clientes, especialmente las empresas fabricantes de cajas corrugadas. Con tres a\u00f1os de experiencia en el mercado, nuestra prioridad es garantizar la consistencia y confiabilidad en cada entrega, manteniendo un enfoque continuo en la mejora de nuestros procesos.<\/p><\/div><\/div><\/div>\n<\/div><\/div>\n\n\n\n<div class=\"wp-block-uagb-separator uagb-block-53f09b5d\"><div class=\"uagb-separator-spacing-wrapper\"><div class=\"wp-block-uagb-separator__inner\" style=\"--my-background-image:\"><\/div><\/div><\/div>\n\n\n\n<div class=\"wp-block-uagb-advanced-heading uagb-block-38378fa7\"><h2 class=\"uagb-heading-text\">Nuestros Valores<\/h2><\/div>\n\n\n\n<div class=\"wp-block-uagb-separator uagb-block-efbab2e1\"><div class=\"uagb-separator-spacing-wrapper\"><div class=\"wp-block-uagb-separator__inner\" style=\"--my-background-image:\"><\/div><\/div><\/div>\n\n\n\n<div class=\"wp-block-uagb-container uagb-block-e4398b28 alignfull uagb-is-root-container\">\n<div class=\"wp-block-uagb-container uagb-block-fffdb9c4\">\n<div class=\"wp-block-uagb-image uagb-block-c62b1f7f wp-block-uagb-image--layout-default wp-block-uagb-image--effect-zoomin wp-block-uagb-image--align-none\"><figure class=\"wp-block-uagb-image__figure\"><img loading=\"lazy\" decoding=\"async\" srcset=\"https:\/\/garzesc.com.mx\/wp-content\/uploads\/2024\/09\/pexels-pixabay-327533.jpg ,https:\/\/garzesc.com.mx\/wp-content\/uploads\/2024\/09\/pexels-pixabay-327533.jpg 780w, https:\/\/garzesc.com.mx\/wp-content\/uploads\/2024\/09\/pexels-pixabay-327533.jpg 360w\" sizes=\"auto, (max-width: 480px) 150px\" src=\"https:\/\/garzesc.com.mx\/wp-content\/uploads\/2024\/09\/pexels-pixabay-327533.jpg\" alt=\"\" class=\"uag-image-190\" width=\"217\" height=\"217\" title=\"\" role=\"presentation\"\/><\/figure><\/div>\n<\/div>\n\n\n\n<div class=\"wp-block-uagb-container uagb-block-11d329b6\">\n<div class=\"wp-block-uagb-advanced-heading uagb-block-d4920bed\"><h2 class=\"uagb-heading-text\">Calidad<\/h2><\/div>\n<\/div>\n\n\n\n<div class=\"wp-block-uagb-container uagb-block-32e5c0f6\">\n<div class=\"wp-block-uagb-image uagb-block-78cd90d3 wp-block-uagb-image--layout-default wp-block-uagb-image--effect-zoomin wp-block-uagb-image--align-none\"><figure class=\"wp-block-uagb-image__figure\"><img loading=\"lazy\" decoding=\"async\" srcset=\"https:\/\/garzesc.com.mx\/wp-content\/uploads\/2024\/09\/pexels-fauxels-3184418.jpg ,https:\/\/garzesc.com.mx\/wp-content\/uploads\/2024\/09\/pexels-fauxels-3184418.jpg 780w, https:\/\/garzesc.com.mx\/wp-content\/uploads\/2024\/09\/pexels-fauxels-3184418.jpg 360w\" sizes=\"auto, (max-width: 480px) 150px\" src=\"https:\/\/garzesc.com.mx\/wp-content\/uploads\/2024\/09\/pexels-fauxels-3184418.jpg\" alt=\"\" class=\"uag-image-172\" width=\"229\" height=\"209\" title=\"pexels-fauxels-3184418\" role=\"img\"\/><\/figure><\/div>\n<\/div>\n\n\n\n<div class=\"wp-block-uagb-container uagb-block-c0fb3bb8\">\n<div class=\"wp-block-uagb-advanced-heading uagb-block-43f2bd4e\"><h2 class=\"uagb-heading-text\">Integridad<\/h2><\/div>\n<\/div>\n<\/div>\n\n\n\n<div class=\"wp-block-uagb-container uagb-block-26bd08f3 alignfull uagb-is-root-container\">\n<div class=\"wp-block-uagb-container uagb-block-eb280aa8\">\n<div class=\"wp-block-uagb-advanced-heading uagb-block-7f9b697b\"><h2 class=\"uagb-heading-text\">Colaboraci\u00f3n<\/h2><\/div>\n<\/div>\n\n\n\n<div class=\"wp-block-uagb-container uagb-block-9934a9d0\">\n<div class=\"wp-block-uagb-image uagb-block-42511b15 wp-block-uagb-image--layout-default wp-block-uagb-image--effect-zoomin wp-block-uagb-image--align-none\"><figure class=\"wp-block-uagb-image__figure\"><img loading=\"lazy\" decoding=\"async\" srcset=\"https:\/\/garzesc.com.mx\/wp-content\/uploads\/2024\/11\/business-6614313_960_720.png ,https:\/\/garzesc.com.mx\/wp-content\/uploads\/2024\/11\/business-6614313_960_720.png 780w, https:\/\/garzesc.com.mx\/wp-content\/uploads\/2024\/11\/business-6614313_960_720.png 360w\" sizes=\"auto, (max-width: 480px) 150px\" src=\"https:\/\/garzesc.com.mx\/wp-content\/uploads\/2024\/11\/business-6614313_960_720.png\" alt=\"\" class=\"uag-image-390\" width=\"237\" height=\"197\" title=\"\" role=\"presentation\"\/><\/figure><\/div>\n<\/div>\n\n\n\n<div class=\"wp-block-uagb-container uagb-block-4a05bd3c\">\n<div class=\"wp-block-uagb-advanced-heading uagb-block-b4708c94\"><h2 class=\"uagb-heading-text\">Compromiso con el cliente<\/h2><\/div>\n<\/div>\n\n\n\n<div class=\"wp-block-uagb-container uagb-block-1630c15d\">\n<div class=\"wp-block-uagb-image uagb-block-9e5513f5 wp-block-uagb-image--layout-default wp-block-uagb-image--effect-zoomin wp-block-uagb-image--align-none\"><figure class=\"wp-block-uagb-image__figure\"><img loading=\"lazy\" decoding=\"async\" srcset=\"https:\/\/garzesc.com.mx\/wp-content\/uploads\/2024\/09\/pexels-karolina-grabowska-7875992-1.jpg ,https:\/\/garzesc.com.mx\/wp-content\/uploads\/2024\/09\/pexels-karolina-grabowska-7875992-1.jpg 780w, https:\/\/garzesc.com.mx\/wp-content\/uploads\/2024\/09\/pexels-karolina-grabowska-7875992-1.jpg 360w\" sizes=\"auto, (max-width: 480px) 150px\" src=\"https:\/\/garzesc.com.mx\/wp-content\/uploads\/2024\/09\/pexels-karolina-grabowska-7875992-1.jpg\" alt=\"\" class=\"uag-image-186\" width=\"221\" height=\"221\" title=\"pexels-karolina-grabowska-7875992\" role=\"img\"\/><\/figure><\/div>\n<\/div>\n<\/div>\n\n\n\n<div class=\"wp-block-uagb-container uagb-block-ba404ef3 alignfull uagb-is-root-container\">\n<div class=\"wp-block-uagb-container uagb-block-d4e04715\">\n<div class=\"wp-block-uagb-image uagb-block-5121ce26 wp-block-uagb-image--layout-default wp-block-uagb-image--effect-zoomin wp-block-uagb-image--align-none\"><figure class=\"wp-block-uagb-image__figure\"><img loading=\"lazy\" decoding=\"async\" srcset=\"https:\/\/garzesc.com.mx\/wp-content\/uploads\/2024\/11\/pexels-pixabay-256262.jpg ,https:\/\/garzesc.com.mx\/wp-content\/uploads\/2024\/11\/pexels-pixabay-256262.jpg 780w, https:\/\/garzesc.com.mx\/wp-content\/uploads\/2024\/11\/pexels-pixabay-256262.jpg 360w\" sizes=\"auto, (max-width: 480px) 150px\" src=\"https:\/\/garzesc.com.mx\/wp-content\/uploads\/2024\/11\/pexels-pixabay-256262.jpg\" alt=\"\" class=\"uag-image-365\" width=\"222\" height=\"217\" title=\"\" role=\"presentation\"\/><\/figure><\/div>\n<\/div>\n\n\n\n<div class=\"wp-block-uagb-container uagb-block-8300ed83\">\n<div class=\"wp-block-uagb-advanced-heading uagb-block-a9e4827c\"><h2 class=\"uagb-heading-text\">Seguridad, Orden y Limpieza<\/h2><\/div>\n<\/div>\n\n\n\n<div class=\"wp-block-uagb-container uagb-block-75ecbf6c\">\n<div class=\"wp-block-uagb-image uagb-block-88097a26 wp-block-uagb-image--layout-default wp-block-uagb-image--effect-zoomin wp-block-uagb-image--align-none\"><figure class=\"wp-block-uagb-image__figure\"><img loading=\"lazy\" decoding=\"async\" srcset=\"https:\/\/garzesc.com.mx\/wp-content\/uploads\/2024\/09\/pexels-akilmazumder-1072824.jpg ,https:\/\/garzesc.com.mx\/wp-content\/uploads\/2024\/09\/pexels-akilmazumder-1072824.jpg 780w, https:\/\/garzesc.com.mx\/wp-content\/uploads\/2024\/09\/pexels-akilmazumder-1072824.jpg 360w\" sizes=\"auto, (max-width: 480px) 150px\" src=\"https:\/\/garzesc.com.mx\/wp-content\/uploads\/2024\/09\/pexels-akilmazumder-1072824.jpg\" alt=\"\" class=\"uag-image-184\" width=\"234\" height=\"225\" title=\"pexels-akilmazumder-1072824\" role=\"img\"\/><\/figure><\/div>\n<\/div>\n\n\n\n<div class=\"wp-block-uagb-container uagb-block-d4d7eddd\">\n<div class=\"wp-block-uagb-advanced-heading uagb-block-0fb0b3f4\"><h2 class=\"uagb-heading-text\">Compromiso social<\/h2><\/div>\n<\/div>\n<\/div>\n\n\n\n<div class=\"wp-block-uagb-container uagb-block-eed5ea79 alignfull uagb-is-root-container\"><div class=\"uagb-container-inner-blocks-wrap\">\n<div class=\"wp-block-uagb-info-box uagb-block-eac283b4 uagb-infobox__content-wrap  uagb-infobox-icon-left uagb-infobox-left uagb-infobox-stacked-tablet uagb-infobox-image-valign-top wp-block-uagb-info-box--has-margin\"><div class=\"uagb-infobox-margin-wrapper\"><div class=\"uagb-ifb-content\"><div class=\"uagb-ifb-title-wrap\"><h3 class=\"uagb-ifb-title\">Pol\u00edtica de Privacidad<\/h3><\/div><div class=\"uagb-ifb-separator\"><\/div><p class=\"uagb-ifb-desc\">Para leer nuestra politica de privacidad por favor da <a href=\"https:\/\/garzesc.com.mx\/?p=466\" data-type=\"link\" data-id=\"https:\/\/garzesc.com.mx\/?p=466\" target=\"_blank\" rel=\"noreferrer noopener\">clic aqui<\/a> <\/p><\/div><\/div><\/div>\n<\/div><\/div>\n\n\n\n<p><\/p>\n","protected":false},"excerpt":{"rendered":"<p>Nosotros Lideres de comercializaci\u00f3n de insumos para la industria de papel y corrugado. Fabricaci\u00f3n de empaques en general de cart\u00f3n [&hellip;]<\/p>\n","protected":false},"author":1,"featured_media":0,"parent":0,"menu_order":0,"comment_status":"closed","ping_status":"open","template":"","meta":{"_uag_custom_page_level_css":"","site-sidebar-layout":"default","site-content-layout":"","ast-site-content-layout":"","site-content-style":"default","site-sidebar-style":"default","ast-global-header-display":"","ast-banner-title-visibility":"","ast-main-header-display":"","ast-hfb-above-header-display":"","ast-hfb-below-header-display":"","ast-hfb-mobile-header-display":"","site-post-title":"disabled","ast-breadcrumbs-content":"","ast-featured-img":"","footer-sml-layout":"","theme-transparent-header-meta":"","adv-header-id-meta":"","stick-header-meta":"","header-above-stick-meta":"","header-main-stick-meta":"","header-below-stick-meta":"","astra-migrate-meta-layouts":"default","ast-page-background-enabled":"default","ast-page-background-meta":{"desktop":{"background-color":"var(--ast-global-color-4)","background-image":"","background-repeat":"repeat","background-position":"center center","background-size":"auto","background-attachment":"scroll","background-type":"","background-media":"","overlay-type":"","overlay-color":"","overlay-opacity":"","overlay-gradient":""},"tablet":{"background-color":"","background-image":"","background-repeat":"repeat","background-position":"center center","background-size":"auto","background-attachment":"scroll","background-type":"","background-media":"","overlay-type":"","overlay-color":"","overlay-opacity":"","overlay-gradient":""},"mobile":{"background-color":"","background-image":"","background-repeat":"repeat","background-position":"center center","background-size":"auto","background-attachment":"scroll","background-type":"","background-media":"","overlay-type":"","overlay-color":"","overlay-opacity":"","overlay-gradient":""}},"ast-content-background-meta":{"desktop":{"background-color":"var(--ast-global-color-5)","background-image":"","background-repeat":"repeat","background-position":"center center","background-size":"auto","background-attachment":"scroll","background-type":"","background-media":"","overlay-type":"","overlay-color":"","overlay-opacity":"","overlay-gradient":""},"tablet":{"background-color":"var(--ast-global-color-5)","background-image":"","background-repeat":"repeat","background-position":"center center","background-size":"auto","background-attachment":"scroll","background-type":"","background-media":"","overlay-type":"","overlay-color":"","overlay-opacity":"","overlay-gradient":""},"mobile":{"background-color":"var(--ast-global-color-5)","background-image":"","background-repeat":"repeat","background-position":"center center","background-size":"auto","background-attachment":"scroll","background-type":"","background-media":"","overlay-type":"","overlay-color":"","overlay-opacity":"","overlay-gradient":""}},"footnotes":""},"class_list":["post-2","page","type-page","status-publish","hentry"],"uagb_featured_image_src":{"full":false,"thumbnail":false,"medium":false,"medium_large":false,"large":false,"1536x1536":false,"2048x2048":false,"trp-custom-language-flag":false},"uagb_author_info":{"display_name":"admin","author_link":"https:\/\/garzesc.com.mx\/?author=1"},"uagb_comment_info":0,"uagb_excerpt":"Nosotros Lideres de comercializaci\u00f3n de insumos para la industria de papel y corrugado. Fabricaci\u00f3n de empaques en general de cart\u00f3n [&hellip;]","_links":{"self":[{"href":"https:\/\/garzesc.com.mx\/index.php?rest_route=\/wp\/v2\/pages\/2","targetHints":{"allow":["GET"]}}],"collection":[{"href":"https:\/\/garzesc.com.mx\/index.php?rest_route=\/wp\/v2\/pages"}],"about":[{"href":"https:\/\/garzesc.com.mx\/index.php?rest_route=\/wp\/v2\/types\/page"}],"author":[{"embeddable":true,"href":"https:\/\/garzesc.com.mx\/index.php?rest_route=\/wp\/v2\/users\/1"}],"replies":[{"embeddable":true,"href":"https:\/\/garzesc.com.mx\/index.php?rest_route=%2Fwp%2Fv2%2Fcomments&post=2"}],"version-history":[{"count":122,"href":"https:\/\/garzesc.com.mx\/index.php?rest_route=\/wp\/v2\/pages\/2\/revisions"}],"predecessor-version":[{"id":576,"href":"https:\/\/garzesc.com.mx\/index.php?rest_route=\/wp\/v2\/pages\/2\/revisions\/576"}],"wp:attachment":[{"href":"https:\/\/garzesc.com.mx\/index.php?rest_route=%2Fwp%2Fv2%2Fmedia&parent=2"}],"curies":[{"name":"wp","href":"https:\/\/api.w.org\/{rel}","templated":true}]}}