{"id":7,"date":"2024-08-29T17:04:19","date_gmt":"2024-08-29T17:04:19","guid":{"rendered":"https:\/\/garzesc.com.mx\/?page_id=7"},"modified":"2025-06-09T16:09:53","modified_gmt":"2025-06-09T16:09:53","slug":"inicio","status":"publish","type":"page","link":"https:\/\/garzesc.com.mx\/","title":{"rendered":"Inicio"},"content":{"rendered":"\n<div class=\"wp-block-cover alignfull has-parallax\" style=\"margin-top:0;margin-bottom:0;padding-top:0;padding-bottom:0;min-height:744px;aspect-ratio:unset;\"><div class=\"wp-block-cover__image-background wp-image-434 has-parallax\" style=\"background-position:50% 50%;background-image:url(https:\/\/garzesc.com.mx\/wp-content\/uploads\/2025\/02\/garze-palmeras.jpg)\"><\/div><span aria-hidden=\"true\" class=\"wp-block-cover__background has-ast-global-color-8-background-color has-background-dim\"><\/span><div class=\"wp-block-cover__inner-container is-layout-flow wp-container-core-cover-is-layout-4fa898ef wp-block-cover-is-layout-flow\">\n<div data-aos= \"fade\" data-aos-duration=\"400\" data-aos-delay=\"0\" data-aos-easing=\"ease\" data-aos-once=\"true\" class=\"wp-block-uagb-advanced-heading uagb-block-ae971f6d\"><h1 class=\"uagb-heading-text\"><strong>Garze Servicios Corporativos<\/strong><\/h1><\/div>\n\n\n\n<div data-aos= \"fade\" data-aos-duration=\"400\" data-aos-delay=\"0\" data-aos-easing=\"ease\" data-aos-once=\"true\" class=\"wp-block-uagb-advanced-heading uagb-block-2a28455e\"><h3 class=\"uagb-heading-text\">Empresa mexicana con solida experiencia dentro del mercado, en la fabricaci\u00f3n y conversi\u00f3n de empaques de cart\u00f3n corrugado y fibra solida<\/h3><\/div>\n<\/div><\/div>\n\n\n\n<div class=\"wp-block-uagb-container uagb-layout-flex uagb-block-01141e74 alignfull uagb-is-root-container\">\n<div class=\"wp-block-uagb-container uagb-block-e65bed63\">\n<div class=\"wp-block-uagb-info-box uagb-block-d573fee1 uagb-infobox__content-wrap  uagb-infobox-icon-left-title uagb-infobox-left uagb-infobox-image-valign-top\"><div class=\"uagb-ifb-content\"><div class=\"uagb-ifb-left-title-image\"><div class=\"uagb-ifb-icon-wrap\"><svg xmlns=\"https:\/\/www.w3.org\/2000\/svg\" viewBox=\"0 0 512 512\"><path d=\"M0 256C0 114.6 114.6 0 256 0C397.4 0 512 114.6 512 256C512 397.4 397.4 512 256 512C114.6 512 0 397.4 0 256zM371.8 211.8C382.7 200.9 382.7 183.1 371.8 172.2C360.9 161.3 343.1 161.3 332.2 172.2L224 280.4L179.8 236.2C168.9 225.3 151.1 225.3 140.2 236.2C129.3 247.1 129.3 264.9 140.2 275.8L204.2 339.8C215.1 350.7 232.9 350.7 243.8 339.8L371.8 211.8z\"><\/path><\/svg><\/div><div class=\"uagb-ifb-title-wrap\"><h3 class=\"uagb-ifb-title\">Papeles Nacionales y de Importaci\u00f3n<\/h3><\/div><\/div><p class=\"uagb-ifb-desc\">Contamos con una variedad de opciones, tanto de proveedores locales como internacionales.<\/p><\/div><\/div>\n<\/div>\n\n\n\n<div class=\"wp-block-uagb-container uagb-block-d6896be5\">\n<div class=\"wp-block-uagb-info-box uagb-block-b914ecf6 uagb-infobox__content-wrap  uagb-infobox-icon-left-title uagb-infobox-left uagb-infobox-image-valign-top\"><div class=\"uagb-ifb-content\"><div class=\"uagb-ifb-left-title-image\"><div class=\"uagb-ifb-icon-wrap\"><svg xmlns=\"https:\/\/www.w3.org\/2000\/svg\" viewBox=\"0 0 512 512\"><path d=\"M0 256C0 114.6 114.6 0 256 0C397.4 0 512 114.6 512 256C512 397.4 397.4 512 256 512C114.6 512 0 397.4 0 256zM371.8 211.8C382.7 200.9 382.7 183.1 371.8 172.2C360.9 161.3 343.1 161.3 332.2 172.2L224 280.4L179.8 236.2C168.9 225.3 151.1 225.3 140.2 236.2C129.3 247.1 129.3 264.9 140.2 275.8L204.2 339.8C215.1 350.7 232.9 350.7 243.8 339.8L371.8 211.8z\"><\/path><\/svg><\/div><div class=\"uagb-ifb-title-wrap\"><h3 class=\"uagb-ifb-title\">Diferentes Tipos de Aplicaciones<\/h3><\/div><\/div><p class=\"uagb-ifb-desc\">Adaptamos el cart\u00f3n corrugado mediante tratamientos espec\u00edficos para cumplir con diversas necesidades<\/p><\/div><\/div>\n<\/div>\n\n\n\n<div class=\"wp-block-uagb-container uagb-block-266c1169\">\n<div class=\"wp-block-uagb-info-box uagb-block-ef5e9ac4 uagb-infobox__content-wrap  uagb-infobox-icon-left-title uagb-infobox-left uagb-infobox-image-valign-top\"><div class=\"uagb-ifb-content\"><div class=\"uagb-ifb-left-title-image\"><div class=\"uagb-ifb-icon-wrap\"><svg xmlns=\"https:\/\/www.w3.org\/2000\/svg\" viewBox=\"0 0 512 512\"><path d=\"M0 256C0 114.6 114.6 0 256 0C397.4 0 512 114.6 512 256C512 397.4 397.4 512 256 512C114.6 512 0 397.4 0 256zM371.8 211.8C382.7 200.9 382.7 183.1 371.8 172.2C360.9 161.3 343.1 161.3 332.2 172.2L224 280.4L179.8 236.2C168.9 225.3 151.1 225.3 140.2 236.2C129.3 247.1 129.3 264.9 140.2 275.8L204.2 339.8C215.1 350.7 232.9 350.7 243.8 339.8L371.8 211.8z\"><\/path><\/svg><\/div><div class=\"uagb-ifb-title-wrap\"><h3 class=\"uagb-ifb-title\">Innovaci\u00f3n y Tecnolog\u00eda<\/h3><\/div><\/div><p class=\"uagb-ifb-desc\">Constantemente renovamos nuestra tecnolog\u00eda para mejorar nuestra infraestructura<\/p><\/div><\/div>\n<\/div>\n<\/div>\n\n\n\n<div class=\"wp-block-uagb-separator uagb-block-f8c1a606\"><div class=\"uagb-separator-spacing-wrapper\"><div class=\"wp-block-uagb-separator__inner\" style=\"--my-background-image:\"><\/div><\/div><\/div>\n\n\n\n<div class=\"wp-block-uagb-container uagb-block-67c452bc alignfull uagb-is-root-container\"><div class=\"uagb-container-inner-blocks-wrap\">\n<div class=\"wp-block-uagb-container uagb-block-4147fd85\">\n<header class=\"wp-block-uagb-info-box uagb-block-69a1be21 uagb-infobox__content-wrap  uagb-infobox-icon-below-title uagb-infobox-image-valign-top\"><div data-aos= \"fade\" data-aos-duration=\"400\" data-aos-delay=\"0\" data-aos-easing=\"ease\" data-aos-once=\"true\" class=\"uagb-ifb-content\"><div class=\"uagb-ifb-title-wrap\"><h2 class=\"uagb-ifb-title\">\u00bfQUIENES SOMOS?<\/h2><\/div><div class=\"uagb-ifb-icon-wrap\"><svg xmlns=\"https:\/\/www.w3.org\/2000\/svg\" viewBox=\"0 0 512 512\"><path d=\"M256 0C114.6 0 0 114.6 0 256c0 141.4 114.6 256 256 256s256-114.6 256-256C512 114.6 397.4 0 256 0zM358.6 278.6l-112 112c-12.5 12.5-32.75 12.5-45.25 0s-12.5-32.75 0-45.25L290.8 256L201.4 166.6c-12.5-12.5-12.5-32.75 0-45.25s32.75-12.5 45.25 0l112 112C364.9 239.6 368 247.8 368 256S364.9 272.4 358.6 278.6z\"><\/path><\/svg><\/div><div class=\"uagb-ifb-button-wrapper wp-block-button\"><a href=\"https:\/\/garzesc.com.mx\/?page_id=2\" class=\"uagb-infobox-cta-link wp-block-button__link\" target=\"_blank\" rel=\"noopener noreferrer\" onclick=\"return true;\"><span class=\"uagb-inline-editing\">Leer m\u00e1s<\/span><\/a><\/div><\/div><\/header>\n<\/div>\n\n\n\n<div class=\"wp-block-uagb-container uagb-block-d5562991\">\n<header class=\"wp-block-uagb-advanced-heading uagb-block-51b3889c\"><h4 class=\"uagb-heading-text\">Empresa mexicana especializada en la fabricaci\u00f3n de l\u00e1mina de cart\u00f3n corrugado, cart\u00f3n laminado, rollos de papel, co empaque y servicios financieros y log\u00edsticos. Realizando entrega en cualquier parte de la Rep\u00fablica con altos est\u00e1ndares de calidad, ya que contamos con un Laboratorio de ensayo y pruebas para realizar hasta 15 distintas pruebas de calidad aplicables al papel<\/h4><\/header>\n<\/div>\n<\/div><\/div>\n\n\n\n<div class=\"wp-block-uagb-separator uagb-block-9d39407b\"><div class=\"uagb-separator-spacing-wrapper\"><div class=\"wp-block-uagb-separator__inner\" style=\"--my-background-image:\"><\/div><\/div><\/div>\n\n\n\n<div class=\"wp-block-uagb-container uagb-block-6304d7f4 alignfull uagb-is-root-container\"><div class=\"uagb-container-inner-blocks-wrap\">\n<div class=\"wp-block-uagb-container uagb-block-32b942d8\">\n<div class=\"wp-block-uagb-advanced-heading uagb-block-86dc4d22\"><h4 class=\"uagb-heading-text\">Ofrecemos un servicio personalizado y responsable con un laboratorio equipado para realizar  hasta 15 distintas pruebas de calidad aplicables al papel. Adaptamos nuestros servicios a las necesidades de cada cliente, garantizando una atenci\u00f3n superior. Nuestros productos cumplen con normas de responsabilidad y est\u00e1ndares ambientales. Adem\u00e1s, realizamos entregas en toda la Rep\u00fablica Mexicana, ampliando nuestro alcance y consolidando nuestra reputaci\u00f3n como un socio confiable.<\/h4><\/div>\n<\/div>\n\n\n\n<div class=\"wp-block-uagb-container uagb-block-42fea700\">\n<div data-aos= \"fade\" data-aos-duration=\"400\" data-aos-delay=\"0\" data-aos-easing=\"ease\" data-aos-once=\"true\" class=\"wp-block-uagb-info-box uagb-block-e2552e53 uagb-infobox__content-wrap  uagb-infobox-icon-below-title uagb-infobox-image-valign-top\"><div class=\"uagb-ifb-content\"><div class=\"uagb-ifb-title-wrap\"><h2 class=\"uagb-ifb-title\">\u00bfPOR QUE NOSOTROS?<\/h2><\/div><div class=\"uagb-ifb-icon-wrap\"><svg xmlns=\"https:\/\/www.w3.org\/2000\/svg\" viewBox=\"0 0 512 512\"><path d=\"M256 0C114.6 0 0 114.6 0 256c0 141.4 114.6 256 256 256s256-114.6 256-256C512 114.6 397.4 0 256 0zM310.6 345.4c12.5 12.5 12.5 32.75 0 45.25s-32.75 12.5-45.25 0l-112-112C147.1 272.4 144 264.2 144 256s3.125-16.38 9.375-22.62l112-112c12.5-12.5 32.75-12.5 45.25 0s12.5 32.75 0 45.25L221.3 256L310.6 345.4z\"><\/path><\/svg><\/div><div class=\"uagb-ifb-button-wrapper wp-block-button\"><a href=\"https:\/\/garzesc.com.mx\/?page_id=193\" class=\"uagb-infobox-cta-link wp-block-button__link\" target=\"_blank\" rel=\"noopener noreferrer\" onclick=\"return true;\"><span class=\"uagb-inline-editing\">Leer m\u00e1s<\/span><\/a><\/div><\/div><\/div>\n<\/div>\n<\/div><\/div>\n\n\n\n<p><\/p>\n","protected":false},"excerpt":{"rendered":"<p>Empresa mexicana especializada en la fabricaci\u00f3n de l\u00e1mina de cart\u00f3n corrugado, cart\u00f3n laminado, rollos de papel, co empaque y servicios [&hellip;]<\/p>\n","protected":false},"author":1,"featured_media":0,"parent":0,"menu_order":0,"comment_status":"closed","ping_status":"closed","template":"","meta":{"_uag_custom_page_level_css":"","site-sidebar-layout":"no-sidebar","site-content-layout":"plain-container","ast-site-content-layout":"","site-content-style":"default","site-sidebar-style":"default","ast-global-header-display":"","ast-banner-title-visibility":"","ast-main-header-display":"","ast-hfb-above-header-display":"","ast-hfb-below-header-display":"","ast-hfb-mobile-header-display":"","site-post-title":"disabled","ast-breadcrumbs-content":"","ast-featured-img":"","footer-sml-layout":"","theme-transparent-header-meta":"enabled","adv-header-id-meta":"","stick-header-meta":"","header-above-stick-meta":"","header-main-stick-meta":"","header-below-stick-meta":"","astra-migrate-meta-layouts":"default","ast-page-background-enabled":"default","ast-page-background-meta":{"desktop":{"background-color":"var(--ast-global-color-4)","background-image":"","background-repeat":"repeat","background-position":"center center","background-size":"auto","background-attachment":"scroll","background-type":"","background-media":"","overlay-type":"","overlay-color":"","overlay-opacity":"","overlay-gradient":""},"tablet":{"background-color":"","background-image":"","background-repeat":"repeat","background-position":"center center","background-size":"auto","background-attachment":"scroll","background-type":"","background-media":"","overlay-type":"","overlay-color":"","overlay-opacity":"","overlay-gradient":""},"mobile":{"background-color":"","background-image":"","background-repeat":"repeat","background-position":"center center","background-size":"auto","background-attachment":"scroll","background-type":"","background-media":"","overlay-type":"","overlay-color":"","overlay-opacity":"","overlay-gradient":""}},"ast-content-background-meta":{"desktop":{"background-color":"var(--ast-global-color-5)","background-image":"","background-repeat":"repeat","background-position":"center center","background-size":"auto","background-attachment":"scroll","background-type":"","background-media":"","overlay-type":"","overlay-color":"","overlay-opacity":"","overlay-gradient":""},"tablet":{"background-color":"var(--ast-global-color-5)","background-image":"","background-repeat":"repeat","background-position":"center center","background-size":"auto","background-attachment":"scroll","background-type":"","background-media":"","overlay-type":"","overlay-color":"","overlay-opacity":"","overlay-gradient":""},"mobile":{"background-color":"var(--ast-global-color-5)","background-image":"","background-repeat":"repeat","background-position":"center center","background-size":"auto","background-attachment":"scroll","background-type":"","background-media":"","overlay-type":"","overlay-color":"","overlay-opacity":"","overlay-gradient":""}},"footnotes":""},"class_list":["post-7","page","type-page","status-publish","hentry"],"uagb_featured_image_src":{"full":false,"thumbnail":false,"medium":false,"medium_large":false,"large":false,"1536x1536":false,"2048x2048":false,"trp-custom-language-flag":false},"uagb_author_info":{"display_name":"admin","author_link":"https:\/\/garzesc.com.mx\/?author=1"},"uagb_comment_info":0,"uagb_excerpt":"Empresa mexicana especializada en la fabricaci\u00f3n de l\u00e1mina de cart\u00f3n corrugado, cart\u00f3n laminado, rollos de papel, co empaque y servicios [&hellip;]","_links":{"self":[{"href":"https:\/\/garzesc.com.mx\/index.php?rest_route=\/wp\/v2\/pages\/7","targetHints":{"allow":["GET"]}}],"collection":[{"href":"https:\/\/garzesc.com.mx\/index.php?rest_route=\/wp\/v2\/pages"}],"about":[{"href":"https:\/\/garzesc.com.mx\/index.php?rest_route=\/wp\/v2\/types\/page"}],"author":[{"embeddable":true,"href":"https:\/\/garzesc.com.mx\/index.php?rest_route=\/wp\/v2\/users\/1"}],"replies":[{"embeddable":true,"href":"https:\/\/garzesc.com.mx\/index.php?rest_route=%2Fwp%2Fv2%2Fcomments&post=7"}],"version-history":[{"count":116,"href":"https:\/\/garzesc.com.mx\/index.php?rest_route=\/wp\/v2\/pages\/7\/revisions"}],"predecessor-version":[{"id":539,"href":"https:\/\/garzesc.com.mx\/index.php?rest_route=\/wp\/v2\/pages\/7\/revisions\/539"}],"wp:attachment":[{"href":"https:\/\/garzesc.com.mx\/index.php?rest_route=%2Fwp%2Fv2%2Fmedia&parent=7"}],"curies":[{"name":"wp","href":"https:\/\/api.w.org\/{rel}","templated":true}]}}